{"id":1125,"date":"2015-05-08T13:22:48","date_gmt":"2015-05-08T13:22:48","guid":{"rendered":"http:\/\/quanticalabs.com\/wptest\/carservice\/?page_id=4"},"modified":"2024-05-07T17:02:40","modified_gmt":"2024-05-07T20:02:40","slug":"home","status":"publish","type":"page","link":"https:\/\/agathec.com.br\/","title":{"rendered":"HOME"},"content":{"rendered":"<p>[vc_row type=&#8221;full-width&#8221;][vc_column][rev_slider_vc alias=&#8221;main&#8221;][\/vc_column][\/vc_row][vc_row type=&#8221;full-width&#8221; css=&#8221;.vc_custom_1439892689981{background-color: #f5f5f5 !important;}&#8221;][vc_column]<div class=\"announcement clearfix\">\r\n\t\t\t\t\t<div class=\"vc_row wpb_row vc_row-fluid\">\r\n\t\t\t\t\t\t<div class=\"vc_col-sm-8 wpb_column vc_column_container\">\r\n\t\t\t\t\t\t\t<div class=\"vertical-align\">\r\n\t\t\t\t\t\t\t\t<div class=\"vertical-align-cell\">\r\n\t\t\t\t\t\t\t\t\t<h3>PRECISANDO DE AJUDA PARA RECUPERAR SEUS DADOS?<\/h3>\r\n\t\t\t\t\t\t\t\t<\/div>\r\n\t\t\t\t\t\t\t<\/div>\r\n\t\t\t\t\t\t<\/div><div class=\"vc_col-sm-4 wpb_column vc_column_container\">\r\n\t\t\t\t\t\t<div class=\"vertical-align\">\r\n\t\t\t\t\t\t\t<div class=\"vertical-align-cell\">\r\n\t\t\t\t\t\t\t\t<a title=\"ENTRE EM CONTATO\" href=\"https:\/\/api.whatsapp.com\/send\/?phone=5547999765677&#038;text=Ol%C3%A1+Agathec%2C+fiz+o+acesso+pelo+site+e+gostaria+de+saber%3A&#038;type=phone_number&#038;app_absent=0\" class=\"more\"><span>ENTRE EM CONTATO<\/span><\/a>\r\n\t\t\t\t\t\t\t<\/div>\r\n\t\t\t\t\t\t<\/div>\r\n\t\t\t\t\t<\/div><\/div>\r\n\t\t\t<\/div>[\/vc_column][\/vc_row][vc_row top_margin=&#8221;page-margin-top-section&#8221;][vc_column]<h2 class=\" box-header\">NOSSOS SERVI\u00c7OS<\/h2>[vc_column_text el_class=&#8221;description align-center&#8221;]Recuperamos todos os tipos de m\u00eddias e equipamentos, veja abaixo alguns exemplos:[\/vc_column_text][vc_row_inner top_margin=&#8221;page-margin-top&#8221;][vc_column_inner width=&#8221;1\/4&#8243;][vc_raw_html]JTNDZGl2JTIwYWxpZ24lM0QlMjJjZW50ZXIlMjIlM0UlM0NpbWclMjBzcmMlM0QlMjJodHRwcyUzQSUyRiUyRmFnYXRoZWMuY29tLmJyJTJGd3AtY29udGVudCUyRnVwbG9hZHMlMkYyMDIwJTJGMDElMkZoYXJkLWRyaXZlLnBuZyUyMiUyMGFsdCUzRCUyMnNvbWUlMjB0ZXh0JTIyJTIwd2lkdGglM0Q3MiUyMGhlaWdodCUzRDcyJTIwc3R5bGUlM0QlMjJhbGlnbiUzQWNlbnRlciUyMiUzRSUzQyUyRmRpdiUzRSUwQSUwQQ==[\/vc_raw_html]<div class=\"feature-item feature-item-big\"><h4 class=\"box-header\">HD<\/h4><p>Recupera\u00e7\u00e3o de dados em HD&#8217;s de desktop, notebook e mac.<\/p><\/div>[\/vc_column_inner][vc_column_inner width=&#8221;1\/4&#8243;][vc_raw_html]JTNDZGl2JTIwYWxpZ24lM0QlMjJjZW50ZXIlMjIlM0UlM0NpbWclMjBzcmMlM0QlMjJodHRwcyUzQSUyRiUyRmFnYXRoZWMuY29tLmJyJTJGd3AtY29udGVudCUyRnVwbG9hZHMlMkYyMDIwJTJGMDElMkZzc2QtZHJpdmUtMS0xLnBuZyUyMiUyMGFsdCUzRCUyMnNvbWUlMjB0ZXh0JTIyJTIwd2lkdGglM0Q3MiUyMGhlaWdodCUzRDcyJTIwc3R5bGUlM0QlMjJhbGlnbiUzQWNlbnRlciUyMiUzRSUzQyUyRmRpdiUzRSUwQSUwQQ==[\/vc_raw_html]<div class=\"feature-item feature-item-big\"><h4 class=\"box-header\">SSD<\/h4><p>Recupera\u00e7\u00e3o de dados em SSD, apagados, defeituosos ou corrompidos.<\/p><\/div>[\/vc_column_inner][vc_column_inner width=&#8221;1\/4&#8243;][vc_raw_html]JTNDZGl2JTIwYWxpZ24lM0QlMjJjZW50ZXIlMjIlM0UlM0NpbWclMjBzcmMlM0QlMjJodHRwcyUzQSUyRiUyRmFnYXRoZWMuY29tLmJyJTJGd3AtY29udGVudCUyRnVwbG9hZHMlMkYyMDIwJTJGMDElMkYxNjczNzMwLnBuZyUyMiUyMGFsdCUzRCUyMnNvbWUlMjB0ZXh0JTIyJTIwd2lkdGglM0Q3MiUyMGhlaWdodCUzRDcyJTIwc3R5bGUlM0QlMjJhbGlnbiUzQWNlbnRlciUyMiUzRSUzQyUyRmRpdiUzRSUwQSUwQQ==[\/vc_raw_html]<div class=\"feature-item feature-item-big\"><h4 class=\"box-header\">HD EXTERNO<\/h4><p>Recuperamos todos os tipos e marcas de HD&#8217;s Externos<\/p><\/div>[\/vc_column_inner][vc_column_inner width=&#8221;1\/4&#8243;][vc_raw_html]JTNDZGl2JTIwYWxpZ24lM0QlMjJjZW50ZXIlMjIlM0UlM0NpbWclMjBzcmMlM0QlMjJodHRwcyUzQSUyRiUyRmFnYXRoZWMuY29tLmJyJTJGd3AtY29udGVudCUyRnVwbG9hZHMlMkYyMDIwJTJGMDElMkZwZW4tZHJpdmUucG5nJTIyJTIwYWx0JTNEJTIyc29tZSUyMHRleHQlMjIlMjB3aWR0aCUzRDcyJTIwaGVpZ2h0JTNENzIlMjBzdHlsZSUzRCUyMmFsaWduJTNBY2VudGVyJTIyJTNFJTNDJTJGZGl2JTNFJTBBJTBB[\/vc_raw_html]<div class=\"feature-item feature-item-big\"><h4 class=\"box-header\">PEN DRIVE<\/h4><p>Recuperamos todos os tipos e marcas de pen drives<\/p><\/div>[\/vc_column_inner][\/vc_row_inner][vc_row_inner top_margin=&#8221;page-margin-top&#8221;][vc_column_inner width=&#8221;1\/4&#8243;][vc_raw_html]JTNDZGl2JTIwYWxpZ24lM0QlMjJjZW50ZXIlMjIlM0UlM0NpbWclMjBzcmMlM0QlMjJodHRwcyUzQSUyRiUyRmFnYXRoZWMuY29tLmJyJTJGd3AtY29udGVudCUyRnVwbG9hZHMlMkYyMDIwJTJGMDElMkZzZC1jYXJkLTEucG5nJTIyJTIwYWx0JTNEJTIyc29tZSUyMHRleHQlMjIlMjB3aWR0aCUzRDcyJTIwaGVpZ2h0JTNENzIlMjBzdHlsZSUzRCUyMmFsaWduJTNBY2VudGVyJTIyJTNFJTNDJTJGZGl2JTNFJTBBJTBB[\/vc_raw_html]<div class=\"feature-item feature-item-big\"><h4 class=\"box-header\">Cart\u00e3o de Mem\u00f3ria<\/h4><p>Seu cart\u00e3o de mem\u00f3ria apresentou um erro repentino? Nossos t\u00e9cnicos est\u00e3o preparados para recuperar dados de cart\u00f5es SD, SDHC, microSD, miniSD, SmartMedia, MMC, XD, entre outros.<\/p><\/div>[\/vc_column_inner][vc_column_inner width=&#8221;1\/4&#8243;][vc_raw_html]JTNDZGl2JTIwYWxpZ24lM0QlMjJjZW50ZXIlMjIlM0UlM0NpbWclMjBzcmMlM0QlMjJodHRwcyUzQSUyRiUyRmFnYXRoZWMuY29tLmJyJTJGd3AtY29udGVudCUyRnVwbG9hZHMlMkYyMDIwJTJGMDElMkZyYWlkLnBuZyUyMiUyMGFsdCUzRCUyMnNvbWUlMjB0ZXh0JTIyJTIwd2lkdGglM0Q3MiUyMGhlaWdodCUzRDcyJTIwc3R5bGUlM0QlMjJhbGlnbiUzQWNlbnRlciUyMiUzRSUzQyUyRmRpdiUzRSUwQSUwQQ==[\/vc_raw_html]<div class=\"feature-item feature-item-big\"><h4 class=\"box-header\">Servidores RAID<\/h4><p>Recupera\u00e7\u00e3o de servidores RAID, RAID 0, RAID 1, RAID 2, RAID 3, RAID 4, RAID 5, RAID 6, RAID 10, RAID 01<\/p><\/div>[\/vc_column_inner][vc_column_inner width=&#8221;1\/4&#8243;][vc_raw_html]JTNDZGl2JTIwYWxpZ24lM0QlMjJjZW50ZXIlMjIlM0UlM0NpbWclMjBzcmMlM0QlMjJodHRwcyUzQSUyRiUyRmFnYXRoZWMuY29tLmJyJTJGd3AtY29udGVudCUyRnVwbG9hZHMlMkYyMDIwJTJGMDElMkZtYWduZXRpYy10YXBlLnBuZyUyMiUyMGFsdCUzRCUyMnNvbWUlMjB0ZXh0JTIyJTIwd2lkdGglM0Q3MiUyMGhlaWdodCUzRDcyJTIwc3R5bGUlM0QlMjJhbGlnbiUzQWNlbnRlciUyMiUzRSUzQyUyRmRpdiUzRSUwQSUwQQ==[\/vc_raw_html]<div class=\"feature-item feature-item-big\"><h4 class=\"box-header\">Fitas Magn\u00e9ticas<\/h4><p>Recupera\u00e7\u00e3o de dados em fitas magn\u00e9ticas DLT, DAT, LTO, AIT E TRAVAN<\/p><\/div>[\/vc_column_inner][vc_column_inner width=&#8221;1\/4&#8243;][vc_raw_html]JTNDZGl2JTIwYWxpZ24lM0QlMjJjZW50ZXIlMjIlM0UlM0NpbWclMjBzcmMlM0QlMjJodHRwcyUzQSUyRiUyRmFnYXRoZWMuY29tLmJyJTJGd3AtY29udGVudCUyRnVwbG9hZHMlMkYyMDIwJTJGMDElMkZzbWFydHBob25lLnBuZyUyMiUyMGFsdCUzRCUyMnNvbWUlMjB0ZXh0JTIyJTIwd2lkdGglM0Q3MiUyMGhlaWdodCUzRDcyJTIwc3R5bGUlM0QlMjJhbGlnbiUzQWNlbnRlciUyMiUzRSUzQyUyRmRpdiUzRSUwQSUwQQ==[\/vc_raw_html]<div class=\"feature-item feature-item-big\"><h4 class=\"box-header\">Outras M\u00eddias<\/h4><p>Recupera\u00e7\u00e3o de dados em Android, Iphone e Ipad<\/p><\/div>[\/vc_column_inner][\/vc_row_inner][vc_empty_space][\/vc_column][\/vc_row][vc_row type=&#8221;full-width&#8221; top_margin=&#8221;page-margin-top-section&#8221; el_class=&#8221;flex-box&#8221; css=&#8221;.vc_custom_1441196365110{background-color: #f5f5f5 !important;}&#8221;][vc_column width=&#8221;1\/2&#8243; css=&#8221;.vc_custom_1578622969941{background-image: url(https:\/\/agathec.com.br\/wp-content\/uploads\/2020\/01\/Imagem2.jpg?id=1671) !important;}&#8221;][\/vc_column][vc_column width=&#8221;1\/2&#8243; el_class=&#8221;padding-left-right-100 padding-bottom-66&#8243;]<h2 class=\" box-header page-margin-top-section\">TODOS TIPOS DE HD<\/h2>[vc_column_text el_class=&#8221;description align-center&#8221;]<\/p>\n<p style=\"text-align: left;\">Trabalhamos pela \u00e9tica do sigilo de dados e privacidade de nossos clientes. Efetuamos a recupera\u00e7\u00e3o de dados e arquivos em HD, pendrive, SSD, Micro SD, DVD, sistemas RAID array, NAS, m\u00e1quinas virtuais, fitas magn\u00e9ticas, etc. Solucionamos problemas em HDs defeituosos n\u00e3o detectados pela bios, HDs com problemas f\u00edsicos e l\u00f3gicos. Recuperamos dados corrompidos ou inacess\u00edveis, apagados, formatados, etc.<\/p>\n<p>[\/vc_column_text][vc_row_inner css=&#8221;.vc_custom_1439977887316{margin-top: 30px !important;}&#8221;][vc_column_inner width=&#8221;1\/3&#8243;]<ul class=\"list\"><li class=\"template-bullet \"><span>Seagate<\/span><\/li><li class=\"template-bullet \"><span>Samsung<\/span><\/li><li class=\"template-bullet \"><span>WD &#8211; Western Digital<\/span><\/li><li class=\"template-bullet \"><span>Toshiba<\/span><\/li><li class=\"template-bullet \"><span>LG<\/span><\/li><\/ul>[\/vc_column_inner][vc_column_inner width=&#8221;1\/3&#8243;]<ul class=\"list\"><li class=\"template-bullet \"><span>Hitachi<\/span><\/li><li class=\"template-bullet \"><span>Iomega<\/span><\/li><li class=\"template-bullet \"><span>Lacie<\/span><\/li><li class=\"template-bullet \"><span>Verbatim<\/span><\/li><li class=\"template-bullet \"><span>Asus<\/span><\/li><\/ul>[\/vc_column_inner][vc_column_inner width=&#8221;1\/3&#8243;]<ul class=\"list\"><li class=\"template-bullet \"><span>Trasncend<\/span><\/li><li class=\"template-bullet \" style=\"color:CCCCCC;\"><span style=\"color: CCCCCC;\">Adata<\/span><\/li><li class=\"template-bullet \"><span>Outros<\/span><\/li><\/ul>[\/vc_column_inner][\/vc_row_inner][\/vc_column][\/vc_row][vc_row top_margin=&#8221;page-margin-top-section&#8221;][vc_column]<h2 class=\" box-header\">POR QUE ESCOLHER A AGATHEC?<\/h2>[vc_column_text el_class=&#8221;description align-center&#8221;]H\u00e1 19 anos no mercado de recupera\u00e7\u00e3o de dados possu\u00edmos os mais modernos equipamentos para acesso e recupera\u00e7\u00e3o de dados em hd&#8217;s com defeito com tecnologia russa, chinesa e americana. Possu\u00edmos tamb\u00e9m parceria com laborat\u00f3rios na mal\u00e1sia que nos repassa toda e qualquer nova tecnologia do ramo. Estamos totalmente preparados para dar suporte e recuperar todos e quaisquer arquivos que nossos clientes possam achar importantes e indispens\u00e1veis para o seu dia \u00e0 dia.[\/vc_column_text][vc_row_inner top_margin=&#8221;page-margin-top-section&#8221; css=&#8221;.vc_custom_1578623826538{padding-bottom: 50px !important;}&#8221;][vc_column_inner width=&#8221;1\/3&#8243;]<div class=\"feature-item\"><h5>AVALIA\u00c7\u00c3O AVAN\u00c7ADA<\/h5><div class=\"icon sl-small-phone-call-24h\"><\/div><p>Na Agathec seu dispositivo \u00e9 avaliado entre 24 a 48horas a depender da complexidade.<\/p><\/div><div class=\"feature-item\"><h5>ESPECIALISTAS EM HARDWARE<\/h5><div class=\"icon sl-small-cog-double\"><\/div><p>Se um disco r\u00edgido estiver inacess\u00edvel, primeiro testamos os componentes e examinamos de perto os pratos da unidade para determinar a extens\u00e3o do dano f\u00edsico. Essa etapa nos permite tra\u00e7ar um curso de a\u00e7\u00e3o para cada unidade individualmente.<\/p><\/div>[\/vc_column_inner][vc_column_inner width=&#8221;1\/3&#8243;]<div class=\"feature-item\"><h5>ACOMPANHAMENTO ONLINE<\/h5><div class=\"icon sl-small-gps\"><\/div><p>Acompanhe em tempo real a execu\u00e7\u00e3o dos servi\u00e7os contratados.<\/p><\/div><div class=\"feature-item\"><h5>HARDWARES EXCLUSIVOS<\/h5><div class=\"icon sl-small-certificate\"><\/div><p>Usamos os melhores hardwares do mercado, desenvolvidos especificamente para esse tipo de atividade.<\/p><\/div>[\/vc_column_inner][vc_column_inner width=&#8221;1\/3&#8243;]<div class=\"feature-item\"><h5>RECUPERA\u00c7\u00c3O ONLINE<\/h5><div class=\"icon sl-small-eco-globe\"><\/div><p>Para voc\u00ea que quer conforto e praticidade no processo de recupera\u00e7\u00e3o de seus dados.<\/p><\/div><div class=\"feature-item\"><h5>TECNOLOGIA MUNDIAL<\/h5><div class=\"icon sl-small-tunning\"><\/div><p><\/p>\n<div class=\"pad-top-70 pad-bottom-40 tp-bg text-dark text-center\">\n<div class=\"container\">\n<div class=\"row equal_height\">\n<div class=\"col-lg-6 col-md-6 mb-3\">\n<div class=\"row\">\n<div class=\"col-lg-9 text-lg-left\">\n<p class=\"font-16 font-lato mar-bottom-30\">Com instala\u00e7\u00f5es pr\u00f3prias e salas limpas Classe 100, a Agathec assegura que voc\u00ea receba a mesma qualidade e tecnologia de ponta aplicada nas mesmas condi\u00e7\u00f5es do ambiente em que seu HD foi fabricado!<\/p>\n<\/div>\n<\/div>\n<\/div>\n<\/div>\n<\/div>\n<\/div>\n<div class=\"pad-top-110 pad-bottom-110 text-center\">\n<div class=\"container\"><\/div>\n<\/div>\n<p><\/p><\/div>[\/vc_column_inner][\/vc_row_inner][\/vc_column][\/vc_row][vc_row type=&#8221;full-width&#8221; top_margin=&#8221;page-margin-top-section&#8221; disable_element=&#8221;yes&#8221;][vc_column][vc_column_text][ql_galleries items_per_page=&#8221;-1&#8243; ids=&#8221;801,800,744,729&#8243; order_by=&#8221;menu_order&#8221; headers=&#8221;1&#8243; read_more=&#8221;0&#8243; read_more_label=&#8221;&#8221;][\/vc_column_text][\/vc_column][\/vc_row][vc_row type=&#8221;full-width&#8221; css=&#8221;.vc_custom_1578623813515{background-color: #f5f5f5 !important;}&#8221; el_class=&#8221;align-center padding-top-54 padding-bottom-61&#8243;][vc_column]<h3><span class=\"button-label\">PRECISANDO DE AJUDA PARA RECUPERAR SEUS DADOS?<\/span><a class=\"more\" href=\"https:\/\/api.whatsapp.com\/send\/?phone=5547999765677&#038;text=Ol%C3%A1+Agathec%2C+fiz+o+acesso+pelo+site+e+gostaria+de+saber%3A&#038;type=phone_number&#038;app_absent=0\" target=\"_blank\" title=\"ENTRE EM CONTATO\"><span>ENTRE EM CONTATO<\/span><\/a><\/h3>[\/vc_column][\/vc_row][vc_row top_margin=&#8221;page-margin-top&#8221;][vc_column width=&#8221;1\/2&#8243;]<h3 class=\" box-header\">NOSSA MISS\u00c3O<\/h3>[vc_column_text el_class=&#8221;description&#8221;]<\/p>\n<p class=\"font_8\">A nossa miss\u00e3o \u00e9 a\u00a0qualidade dos servi\u00e7os de recupera\u00e7\u00e3o de dados, mantendo a\u00a0privacidade\u00a0e seguran\u00e7a das informa\u00e7\u00f5es\u00a0do cliente.<span class=\"wixGuard\">\u200b<\/span><\/p>\n<p class=\"font_8\">Nosso trabalho \u00e9 baseado na\u00a0\u00e9tica\u00a0e\u00a0efici\u00eancia.<\/p>\n<p class=\"font_8\">Entendemos a preocupa\u00e7\u00e3o de nossos clientes e queremos que sintam satisfeitos com os resultados obtidos.<\/p>\n<p>[\/vc_column_text][\/vc_column][vc_column width=&#8221;1\/2&#8243;]<h3 class=\" box-header\">F.A.Q (PERGUNTAS FREQUENTES)<\/h3>[vc_accordion el_class=&#8221;margin-top-40&#8243;][vc_accordion_tab title=&#8221;O que fa\u00e7o quando meu HD n\u00e3o funcionar e perder meus dados?&#8221; tab_id=&#8221;using-synthetic&#8221;][vc_column_text]Imediatamente desligue o computador. N\u00e3o use\/instale nenhum programa porque o setor que armazena seus dados pode ser sobrescrito. Al\u00e9m disso, o programa que for instalado\/usado pode danificar ainda mais os setores ou os dados armazenados. N\u00e3o deixe leigos tentarem a recupera\u00e7\u00e3o, isso diminui a chance de recuperar arquivos. Traga seu HD e faremos o melhor para orient\u00e1-lo. Quanto mais liga o HD, pior ele fica.[\/vc_column_text][\/vc_accordion_tab][vc_accordion_tab title=&#8221;Como enviar meu HD para a Agathec?&#8221; tab_id=&#8221;parts-replacements&#8221;][vc_column_text]Sempre embale o HD com bastante pl\u00e1stico-bolha,espumas e isopor. O HD pode ser danificado durante o envio ent\u00e3o esses materiais podem absorver o impacto.<\/p>\n<p>Enviar para:\u00a0 R. Manoel Vi\u00eaira Gar\u00e7\u00e3o, 148 &#8211; 307 &#8211; Centro, Itaja\u00ed &#8211; SC, 88301-425, Brasil[\/vc_column_text][\/vc_accordion_tab][\/vc_accordion][\/vc_column][\/vc_row][vc_row type=&#8221;full-width&#8221; top_margin=&#8221;page-margin-top-section&#8221; el_class=&#8221;padding-bottom-50 top-border&#8221;][vc_column][\/vc_column][\/vc_row]<\/p>\n","protected":false},"excerpt":{"rendered":"<p>[vc_row type=&#8221;full-width&#8221;][vc_column][rev_slider_vc alias=&#8221;main&#8221;][\/vc_column][\/vc_row][vc_row type=&#8221;full-width&#8221; css=&#8221;.vc_custom_1439892689981{background-color: #f5f5f5 !important;}&#8221;][vc_column][\/vc_column][\/vc_row][vc_row top_margin=&#8221;page-margin-top-section&#8221;][vc_column][vc_column_text el_class=&#8221;description align-center&#8221;]Recuperamos todos os tipos de m\u00eddias e equipamentos, veja abaixo alguns exemplos:[\/vc_column_text][vc_row_inner top_margin=&#8221;page-margin-top&#8221;][vc_column_inner width=&#8221;1\/4&#8243;][vc_raw_html]JTNDZGl2JTIwYWxpZ24lM0QlMjJjZW50ZXIlMjIlM0UlM0NpbWclMjBzcmMlM0QlMjJodHRwcyUzQSUyRiUyRmFnYXRoZWMuY29tLmJyJTJGd3AtY29udGVudCUyRnVwbG9hZHMlMkYyMDIwJTJGMDElMkZoYXJkLWRyaXZlLnBuZyUyMiUyMGFsdCUzRCUyMnNvbWUlMjB0ZXh0JTIyJTIwd2lkdGglM0Q3MiUyMGhlaWdodCUzRDcyJTIwc3R5bGUlM0QlMjJhbGlnbiUzQWNlbnRlciUyMiUzRSUzQyUyRmRpdiUzRSUwQSUwQQ==[\/vc_raw_html][\/vc_column_inner][vc_column_inner width=&#8221;1\/4&#8243;][vc_raw_html]JTNDZGl2JTIwYWxpZ24lM0QlMjJjZW50ZXIlMjIlM0UlM0NpbWclMjBzcmMlM0QlMjJodHRwcyUzQSUyRiUyRmFnYXRoZWMuY29tLmJyJTJGd3AtY29udGVudCUyRnVwbG9hZHMlMkYyMDIwJTJGMDElMkZzc2QtZHJpdmUtMS0xLnBuZyUyMiUyMGFsdCUzRCUyMnNvbWUlMjB0ZXh0JTIyJTIwd2lkdGglM0Q3MiUyMGhlaWdodCUzRDcyJTIwc3R5bGUlM0QlMjJhbGlnbiUzQWNlbnRlciUyMiUzRSUzQyUyRmRpdiUzRSUwQSUwQQ==[\/vc_raw_html][\/vc_column_inner][vc_column_inner width=&#8221;1\/4&#8243;][vc_raw_html]JTNDZGl2JTIwYWxpZ24lM0QlMjJjZW50ZXIlMjIlM0UlM0NpbWclMjBzcmMlM0QlMjJodHRwcyUzQSUyRiUyRmFnYXRoZWMuY29tLmJyJTJGd3AtY29udGVudCUyRnVwbG9hZHMlMkYyMDIwJTJGMDElMkYxNjczNzMwLnBuZyUyMiUyMGFsdCUzRCUyMnNvbWUlMjB0ZXh0JTIyJTIwd2lkdGglM0Q3MiUyMGhlaWdodCUzRDcyJTIwc3R5bGUlM0QlMjJhbGlnbiUzQWNlbnRlciUyMiUzRSUzQyUyRmRpdiUzRSUwQSUwQQ==[\/vc_raw_html][\/vc_column_inner][vc_column_inner width=&#8221;1\/4&#8243;][vc_raw_html]JTNDZGl2JTIwYWxpZ24lM0QlMjJjZW50ZXIlMjIlM0UlM0NpbWclMjBzcmMlM0QlMjJodHRwcyUzQSUyRiUyRmFnYXRoZWMuY29tLmJyJTJGd3AtY29udGVudCUyRnVwbG9hZHMlMkYyMDIwJTJGMDElMkZwZW4tZHJpdmUucG5nJTIyJTIwYWx0JTNEJTIyc29tZSUyMHRleHQlMjIlMjB3aWR0aCUzRDcyJTIwaGVpZ2h0JTNENzIlMjBzdHlsZSUzRCUyMmFsaWduJTNBY2VudGVyJTIyJTNFJTNDJTJGZGl2JTNFJTBBJTBB[\/vc_raw_html][\/vc_column_inner][\/vc_row_inner][vc_row_inner top_margin=&#8221;page-margin-top&#8221;][vc_column_inner width=&#8221;1\/4&#8243;][vc_raw_html]JTNDZGl2JTIwYWxpZ24lM0QlMjJjZW50ZXIlMjIlM0UlM0NpbWclMjBzcmMlM0QlMjJodHRwcyUzQSUyRiUyRmFnYXRoZWMuY29tLmJyJTJGd3AtY29udGVudCUyRnVwbG9hZHMlMkYyMDIwJTJGMDElMkZzZC1jYXJkLTEucG5nJTIyJTIwYWx0JTNEJTIyc29tZSUyMHRleHQlMjIlMjB3aWR0aCUzRDcyJTIwaGVpZ2h0JTNENzIlMjBzdHlsZSUzRCUyMmFsaWduJTNBY2VudGVyJTIyJTNFJTNDJTJGZGl2JTNFJTBBJTBB[\/vc_raw_html][\/vc_column_inner][vc_column_inner width=&#8221;1\/4&#8243;][vc_raw_html]JTNDZGl2JTIwYWxpZ24lM0QlMjJjZW50ZXIlMjIlM0UlM0NpbWclMjBzcmMlM0QlMjJodHRwcyUzQSUyRiUyRmFnYXRoZWMuY29tLmJyJTJGd3AtY29udGVudCUyRnVwbG9hZHMlMkYyMDIwJTJGMDElMkZyYWlkLnBuZyUyMiUyMGFsdCUzRCUyMnNvbWUlMjB0ZXh0JTIyJTIwd2lkdGglM0Q3MiUyMGhlaWdodCUzRDcyJTIwc3R5bGUlM0QlMjJhbGlnbiUzQWNlbnRlciUyMiUzRSUzQyUyRmRpdiUzRSUwQSUwQQ==[\/vc_raw_html][\/vc_column_inner][vc_column_inner width=&#8221;1\/4&#8243;][vc_raw_html]JTNDZGl2JTIwYWxpZ24lM0QlMjJjZW50ZXIlMjIlM0UlM0NpbWclMjBzcmMlM0QlMjJodHRwcyUzQSUyRiUyRmFnYXRoZWMuY29tLmJyJTJGd3AtY29udGVudCUyRnVwbG9hZHMlMkYyMDIwJTJGMDElMkZtYWduZXRpYy10YXBlLnBuZyUyMiUyMGFsdCUzRCUyMnNvbWUlMjB0ZXh0JTIyJTIwd2lkdGglM0Q3MiUyMGhlaWdodCUzRDcyJTIwc3R5bGUlM0QlMjJhbGlnbiUzQWNlbnRlciUyMiUzRSUzQyUyRmRpdiUzRSUwQSUwQQ==[\/vc_raw_html][\/vc_column_inner][vc_column_inner width=&#8221;1\/4&#8243;][vc_raw_html]JTNDZGl2JTIwYWxpZ24lM0QlMjJjZW50ZXIlMjIlM0UlM0NpbWclMjBzcmMlM0QlMjJodHRwcyUzQSUyRiUyRmFnYXRoZWMuY29tLmJyJTJGd3AtY29udGVudCUyRnVwbG9hZHMlMkYyMDIwJTJGMDElMkZzbWFydHBob25lLnBuZyUyMiUyMGFsdCUzRCUyMnNvbWUlMjB0ZXh0JTIyJTIwd2lkdGglM0Q3MiUyMGhlaWdodCUzRDcyJTIwc3R5bGUlM0QlMjJhbGlnbiUzQWNlbnRlciUyMiUzRSUzQyUyRmRpdiUzRSUwQSUwQQ==[\/vc_raw_html][\/vc_column_inner][\/vc_row_inner][vc_empty_space][\/vc_column][\/vc_row][vc_row type=&#8221;full-width&#8221; top_margin=&#8221;page-margin-top-section&#8221; el_class=&#8221;flex-box&#8221; css=&#8221;.vc_custom_1441196365110{background-color: #f5f5f5 !important;}&#8221;][vc_column width=&#8221;1\/2&#8243; css=&#8221;.vc_custom_1578622969941{background-image: url(https:\/\/agathec.com.br\/wp-content\/uploads\/2020\/01\/Imagem2.jpg?id=1671) !important;}&#8221;][\/vc_column][vc_column width=&#8221;1\/2&#8243; el_class=&#8221;padding-left-right-100 padding-bottom-66&#8243;][vc_column_text el_class=&#8221;description align-center&#8221;] Trabalhamos pela \u00e9tica do sigilo de dados e privacidade<\/p>\n","protected":false},"author":1,"featured_media":0,"parent":0,"menu_order":0,"comment_status":"open","ping_status":"open","template":"template-default-without-breadcrumbs.php","meta":[],"_links":{"self":[{"href":"https:\/\/agathec.com.br\/index.php\/wp-json\/wp\/v2\/pages\/1125"}],"collection":[{"href":"https:\/\/agathec.com.br\/index.php\/wp-json\/wp\/v2\/pages"}],"about":[{"href":"https:\/\/agathec.com.br\/index.php\/wp-json\/wp\/v2\/types\/page"}],"author":[{"embeddable":true,"href":"https:\/\/agathec.com.br\/index.php\/wp-json\/wp\/v2\/users\/1"}],"replies":[{"embeddable":true,"href":"https:\/\/agathec.com.br\/index.php\/wp-json\/wp\/v2\/comments?post=1125"}],"version-history":[{"count":39,"href":"https:\/\/agathec.com.br\/index.php\/wp-json\/wp\/v2\/pages\/1125\/revisions"}],"predecessor-version":[{"id":1995,"href":"https:\/\/agathec.com.br\/index.php\/wp-json\/wp\/v2\/pages\/1125\/revisions\/1995"}],"wp:attachment":[{"href":"https:\/\/agathec.com.br\/index.php\/wp-json\/wp\/v2\/media?parent=1125"}],"curies":[{"name":"wp","href":"https:\/\/api.w.org\/{rel}","templated":true}]}}